{"id":75601,"date":"2023-03-21T21:05:28","date_gmt":"2023-03-21T21:05:28","guid":{"rendered":"https:\/\/valuatorio.com\/?page_id=75601"},"modified":"2024-07-03T02:54:27","modified_gmt":"2024-07-03T02:54:27","slug":"quienes-somos","status":"publish","type":"page","link":"https:\/\/valuatorio.com\/en\/quienes-somos\/","title":{"rendered":"Qui\u00e9nes somos"},"content":{"rendered":"<div data-elementor-type=\"wp-page\" data-elementor-id=\"75601\" class=\"elementor elementor-75601\">\n\t\t\t\t\t\t<section class=\"elementor-section elementor-top-section elementor-element elementor-element-b520990 elementor-section-boxed elementor-section-height-default elementor-section-height-default\" data-id=\"b520990\" data-element_type=\"section\" data-settings=\"{&quot;background_background&quot;:&quot;classic&quot;}\">\n\t\t\t\t\t\t<div class=\"elementor-container elementor-column-gap-default\">\n\t\t\t\t\t<div class=\"elementor-column elementor-col-100 elementor-top-column elementor-element elementor-element-03a864d\" data-fullscreen-column-settings=\"{&quot;fullscreen&quot;:&quot;&quot;}\" data-id=\"03a864d\" data-element_type=\"column\">\n\t\t\t<div class=\"elementor-widget-wrap elementor-element-populated\">\n\t\t\t\t\t\t<div class=\"elementor-element elementor-element-93925ec elementor-widget elementor-widget-litho-page-title\" data-id=\"93925ec\" data-element_type=\"widget\" data-settings=\"{&quot;litho_page_title_style&quot;:&quot;center-alignment&quot;}\" data-widget_type=\"litho-page-title.default\">\n\t\t\t\t<div class=\"elementor-widget-container\">\n\t\t\t\t\t\t\t\t\t\t<div class=\"litho-main-title-wrap main-title-inner litho-page-title-wrap  center-alignment\">\n\t\t\t\t\t\t\t\t\t\t\t\t<div class=\"title-container\">\n\t\t\t\t\t\t\t<div class=\"title-content-wrap row align-items-center justify-content-center\">\n\t\t\t\t\t\t\t\t<div class=\"col-12 text-center\">\n\t\t\t\t\t\t\t\t\t\t\t\t\t\t\t\t\t\t<!-- start page title -->\n\t\t\t\t\t\t\t\t\t\t<h1  class=\"litho-main-title litho-page-title\">Qui\u00e9nes somos<\/h1>\n\t\t\t\t\t\t\t\t\t<!-- end page title -->\n\t\t\t\t\t\t\t\t\t\t\t\t\t\t\t\t\t\t\t\t\t\t\t\t\t\t\t\t\t\t\t\t\t\t\t\t\t\t\t\t\t\t\t\t<\/div>\n\t\t\t\t\t\t\t<\/div>\n\t\t\t\t\t\t<\/div>\n\t\t\t\t\t<\/div>\n\t\t\t\t\t\t\t\t\t<\/div>\n\t\t\t\t<\/div>\n\t\t\t\t<div class=\"elementor-element elementor-element-1dcd0f0 elementor-widget elementor-widget-litho-heading\" data-id=\"1dcd0f0\" data-element_type=\"widget\" data-widget_type=\"litho-heading.default\">\n\t\t\t\t<div class=\"elementor-widget-container\">\n\t\t\t\t\t<h6 class=\"litho-heading elementor-size-default\"><span class=\"litho-primary-title\">Organismo de Valuaci\u00f3n en M\u00e9xico<\/span><\/h6>\t\t\t\t<\/div>\n\t\t\t\t<\/div>\n\t\t\t\t\t<\/div>\n\t\t<\/div>\n\t\t\t\t\t<\/div>\n\t\t<\/section>\n\t\t\t\t<section class=\"elementor-section elementor-top-section elementor-element elementor-element-d25dc90 elementor-section-boxed elementor-section-height-default elementor-section-height-default\" data-id=\"d25dc90\" data-element_type=\"section\">\n\t\t\t\t\t\t<div class=\"elementor-container elementor-column-gap-default\">\n\t\t\t\t\t<div class=\"elementor-column elementor-col-100 elementor-top-column elementor-element elementor-element-7886f43\" data-fullscreen-column-settings=\"{&quot;fullscreen&quot;:&quot;&quot;}\" data-id=\"7886f43\" data-element_type=\"column\">\n\t\t\t<div class=\"elementor-widget-wrap elementor-element-populated\">\n\t\t\t\t\t\t<section class=\"elementor-section elementor-inner-section elementor-element elementor-element-f04a97f elementor-section-boxed elementor-section-height-default elementor-section-height-default\" data-id=\"f04a97f\" data-element_type=\"section\">\n\t\t\t\t\t\t<div class=\"elementor-container elementor-column-gap-default\">\n\t\t\t\t\t<div class=\"elementor-column elementor-col-50 elementor-inner-column elementor-element elementor-element-41b0387\" data-fullscreen-column-settings=\"{&quot;fullscreen&quot;:&quot;&quot;}\" data-id=\"41b0387\" data-element_type=\"column\">\n\t\t\t<div class=\"elementor-widget-wrap elementor-element-populated\">\n\t\t\t\t\t\t<div class=\"elementor-element elementor-element-a87219b elementor-widget elementor-widget-image\" data-id=\"a87219b\" data-element_type=\"widget\" data-widget_type=\"image.default\">\n\t\t\t\t<div class=\"elementor-widget-container\">\n\t\t\t\t\t\t\t\t\t\t\t\t\t\t\t<img fetchpriority=\"high\" decoding=\"async\" width=\"550\" height=\"400\" src=\"https:\/\/valuatorio.com\/wp-content\/uploads\/2024\/06\/valuatorio-mexico.webp\" class=\"attachment-full size-full wp-image-79203\" alt=\"\" srcset=\"https:\/\/valuatorio.com\/wp-content\/uploads\/2024\/06\/valuatorio-mexico.webp 550w, https:\/\/valuatorio.com\/wp-content\/uploads\/2024\/06\/valuatorio-mexico-300x218.webp 300w, https:\/\/valuatorio.com\/wp-content\/uploads\/2024\/06\/valuatorio-mexico-18x12.webp 18w, https:\/\/valuatorio.com\/wp-content\/uploads\/2024\/06\/valuatorio-mexico-200x145.webp 200w\" sizes=\"(max-width: 550px) 100vw, 550px\" \/>\t\t\t\t\t\t\t\t\t\t\t\t\t\t\t<\/div>\n\t\t\t\t<\/div>\n\t\t\t\t\t<\/div>\n\t\t<\/div>\n\t\t\t\t<div class=\"elementor-column elementor-col-50 elementor-inner-column elementor-element elementor-element-58fe1c2\" data-fullscreen-column-settings=\"{&quot;fullscreen&quot;:&quot;&quot;}\" data-id=\"58fe1c2\" data-element_type=\"column\">\n\t\t\t<div class=\"elementor-widget-wrap elementor-element-populated\">\n\t\t\t\t\t\t<div class=\"elementor-element elementor-element-a852dc9 elementor-widget elementor-widget-text-editor\" data-id=\"a852dc9\" data-element_type=\"widget\" data-widget_type=\"text-editor.default\">\n\t\t\t\t<div class=\"elementor-widget-container\">\n\t\t\t\t\t\t\t\t\t<p>Somos un <strong>Organismo de Valuaci\u00f3n<\/strong> que <strong>proporciona, promueve, facilita y orienta<\/strong> los servicios de <strong>valuaci\u00f3n en M\u00e9xico<\/strong>, cuyos miembros son <strong>profesionales de la valuaci\u00f3n<\/strong> que te ayudar\u00e1n a obtener un <strong>aval\u00fao preciso, confiable y<\/strong><br \/><strong>objetivo<\/strong>.<\/p>\t\t\t\t\t\t\t\t<\/div>\n\t\t\t\t<\/div>\n\t\t\t\t\t<\/div>\n\t\t<\/div>\n\t\t\t\t\t<\/div>\n\t\t<\/section>\n\t\t\t\t<section class=\"elementor-section elementor-inner-section elementor-element elementor-element-4aa598b elementor-section-boxed elementor-section-height-default elementor-section-height-default\" data-id=\"4aa598b\" data-element_type=\"section\">\n\t\t\t\t\t\t<div class=\"elementor-container elementor-column-gap-default\">\n\t\t\t\t\t<div class=\"elementor-column elementor-col-100 elementor-inner-column elementor-element elementor-element-13fdfd6\" data-fullscreen-column-settings=\"{&quot;fullscreen&quot;:&quot;&quot;}\" data-id=\"13fdfd6\" data-element_type=\"column\">\n\t\t\t<div class=\"elementor-widget-wrap elementor-element-populated\">\n\t\t\t\t\t\t<div class=\"elementor-element elementor-element-fb2f030 elementor-widget__width-initial elementor-widget elementor-widget-heading\" data-id=\"fb2f030\" data-element_type=\"widget\" data-widget_type=\"heading.default\">\n\t\t\t\t<div class=\"elementor-widget-container\">\n\t\t\t\t\t<h6 class=\"elementor-heading-title elementor-size-default\">Somos el Organismo de valuaci\u00f3n en M\u00e9xico que busca dar certeza objetividad y profesionalismo a tus aval\u00faos.<\/h6>\t\t\t\t<\/div>\n\t\t\t\t<\/div>\n\t\t\t\t\t<\/div>\n\t\t<\/div>\n\t\t\t\t\t<\/div>\n\t\t<\/section>\n\t\t\t\t<section class=\"elementor-section elementor-inner-section elementor-element elementor-element-e022fd6 elementor-section-boxed elementor-section-height-default elementor-section-height-default\" data-id=\"e022fd6\" data-element_type=\"section\">\n\t\t\t\t\t\t<div class=\"elementor-container elementor-column-gap-default\">\n\t\t\t\t\t<div class=\"elementor-column elementor-col-33 elementor-inner-column elementor-element elementor-element-1ebdfc2\" data-fullscreen-column-settings=\"{&quot;fullscreen&quot;:&quot;&quot;}\" data-id=\"1ebdfc2\" data-element_type=\"column\">\n\t\t\t<div class=\"elementor-widget-wrap\">\n\t\t\t\t\t\t\t<\/div>\n\t\t<\/div>\n\t\t\t\t<div class=\"elementor-column elementor-col-33 elementor-inner-column elementor-element elementor-element-23482a7\" data-fullscreen-column-settings=\"{&quot;fullscreen&quot;:&quot;&quot;}\" data-id=\"23482a7\" data-element_type=\"column\">\n\t\t\t<div class=\"elementor-widget-wrap elementor-element-populated\">\n\t\t\t\t\t\t<div class=\"elementor-element elementor-element-c443055 elementor-invisible elementor-widget elementor-widget-video\" data-id=\"c443055\" data-element_type=\"widget\" data-settings=\"{&quot;_animation&quot;:&quot;slideInUp&quot;,&quot;_animation_delay&quot;:100,&quot;show_image_overlay&quot;:&quot;yes&quot;,&quot;image_overlay&quot;:{&quot;url&quot;:&quot;https:\\\/\\\/valuatorio.com\\\/wp-content\\\/uploads\\\/2023\\\/06\\\/valuatorio-video.png&quot;,&quot;id&quot;:78913,&quot;size&quot;:&quot;&quot;,&quot;alt&quot;:&quot;&quot;,&quot;source&quot;:&quot;library&quot;},&quot;video_type&quot;:&quot;hosted&quot;,&quot;controls&quot;:&quot;yes&quot;}\" data-widget_type=\"video.default\">\n\t\t\t\t<div class=\"elementor-widget-container\">\n\t\t\t\t\t\t\t<div class=\"e-hosted-video elementor-wrapper elementor-open-inline\">\n\t\t\t\t\t<video class=\"elementor-video\" src=\"https:\/\/valuatorio.com\/wp-content\/uploads\/2023\/06\/Valuatorio.mp4\" controls=\"\" preload=\"metadata\" controlslist=\"nodownload\" poster=\"https:\/\/valuatorio.com\/wp-content\/uploads\/2023\/06\/valuatorio-video.png\"><\/video>\n\t\t\t\t\t\t<div class=\"elementor-custom-embed-image-overlay\" style=\"background-image: url(https:\/\/valuatorio.com\/wp-content\/uploads\/2023\/06\/valuatorio-video.png);\">\n\t\t\t\t\t\t\t\t\t\t\t\t\t\t\t\t<div class=\"elementor-custom-embed-play\" role=\"button\" aria-label=\"Reproducir video\" tabindex=\"0\">\n\t\t\t\t\t\t\t<i aria-hidden=\"true\" class=\"far fa-play-circle\"><\/i>\t\t\t\t\t\t<\/div>\n\t\t\t\t\t\t\t\t\t<\/div>\n\t\t\t\t\t<\/div>\n\t\t\t\t\t\t<\/div>\n\t\t\t\t<\/div>\n\t\t\t\t\t<\/div>\n\t\t<\/div>\n\t\t\t\t<div class=\"elementor-column elementor-col-33 elementor-inner-column elementor-element elementor-element-8dd7072\" data-fullscreen-column-settings=\"{&quot;fullscreen&quot;:&quot;&quot;}\" data-id=\"8dd7072\" data-element_type=\"column\">\n\t\t\t<div class=\"elementor-widget-wrap\">\n\t\t\t\t\t\t\t<\/div>\n\t\t<\/div>\n\t\t\t\t\t<\/div>\n\t\t<\/section>\n\t\t\t\t\t<\/div>\n\t\t<\/div>\n\t\t\t\t\t<\/div>\n\t\t<\/section>\n\t\t\t\t<\/div>","protected":false},"excerpt":{"rendered":"<p>Qui\u00e9nes somos Organismo de Valuaci\u00f3n en M\u00e9xico Somos un Organismo de Valuaci\u00f3n que proporciona, promueve, facilita y orienta los servicios de valuaci\u00f3n en M\u00e9xico, cuyos miembros son profesionales de la valuaci\u00f3n que te ayudar\u00e1n a obtener un aval\u00fao preciso, confiable yobjetivo. Somos el Organismo de valuaci\u00f3n en M\u00e9xico que busca dar certeza objetividad y profesionalismo [&hellip;]<\/p>\n","protected":false},"author":1,"featured_media":75529,"parent":0,"menu_order":0,"comment_status":"closed","ping_status":"closed","template":"","meta":{"footnotes":""},"class_list":["post-75601","page","type-page","status-publish","has-post-thumbnail","hentry"],"_links":{"self":[{"href":"https:\/\/valuatorio.com\/en\/wp-json\/wp\/v2\/pages\/75601","targetHints":{"allow":["GET"]}}],"collection":[{"href":"https:\/\/valuatorio.com\/en\/wp-json\/wp\/v2\/pages"}],"about":[{"href":"https:\/\/valuatorio.com\/en\/wp-json\/wp\/v2\/types\/page"}],"author":[{"embeddable":true,"href":"https:\/\/valuatorio.com\/en\/wp-json\/wp\/v2\/users\/1"}],"replies":[{"embeddable":true,"href":"https:\/\/valuatorio.com\/en\/wp-json\/wp\/v2\/comments?post=75601"}],"version-history":[{"count":163,"href":"https:\/\/valuatorio.com\/en\/wp-json\/wp\/v2\/pages\/75601\/revisions"}],"predecessor-version":[{"id":79298,"href":"https:\/\/valuatorio.com\/en\/wp-json\/wp\/v2\/pages\/75601\/revisions\/79298"}],"wp:featuredmedia":[{"embeddable":true,"href":"https:\/\/valuatorio.com\/en\/wp-json\/wp\/v2\/media\/75529"}],"wp:attachment":[{"href":"https:\/\/valuatorio.com\/en\/wp-json\/wp\/v2\/media?parent=75601"}],"curies":[{"name":"wp","href":"https:\/\/api.w.org\/{rel}","templated":true}]}}